{"id":91,"date":"2022-06-08T15:54:14","date_gmt":"2022-06-08T13:54:14","guid":{"rendered":"https:\/\/sldcoaching.fr\/?page_id=91"},"modified":"2023-07-26T11:28:22","modified_gmt":"2023-07-26T09:28:22","slug":"accompagnement-du-changement","status":"publish","type":"page","link":"https:\/\/sldcoaching.fr\/?page_id=91","title":{"rendered":"Accompagnement du changement"},"content":{"rendered":"\n<p><\/p>\n\n\n\n<p>Donner du<strong> SENS<\/strong> aux <strong>transformations en cours et \u00e0 venir<\/strong> et vous accompagner dans la mise en oeuvre.<\/p>\n\n\n\n<p><\/p>\n\n\n\n<div class=\"wp-block-media-text alignwide is-stacked-on-mobile\" style=\"grid-template-columns:27% auto\"><figure class=\"wp-block-media-text__media\"><img loading=\"lazy\" decoding=\"async\" width=\"462\" height=\"448\" src=\"https:\/\/sldcoaching.fr\/wp-content\/uploads\/2022\/07\/Changement-representation.jpg\" alt=\"Sylvie Labarre Dallery-coaching \u00e9quipe-coaching entreprise- intelligence collective- seminaire entreprise - atelier\" class=\"wp-image-262 size-full\" srcset=\"https:\/\/sldcoaching.fr\/wp-content\/uploads\/2022\/07\/Changement-representation.jpg 462w, https:\/\/sldcoaching.fr\/wp-content\/uploads\/2022\/07\/Changement-representation-300x291.jpg 300w\" sizes=\"auto, (max-width: 462px) 100vw, 462px\" \/><\/figure><div class=\"wp-block-media-text__content\">\n<p>Responsable de l&rsquo;accompagnement du changement dans un grand groupe bancaire sur le quart Sud est de la France, je vous partage mes <strong>exp\u00e9riences <\/strong>pour faciliter au sein de <strong>votre activit\u00e9<\/strong> la <strong>conduite du changement<\/strong> .<\/p>\n\n\n\n<p><strong>Centr\u00e9e <\/strong>sur  <strong>vos besoins,<\/strong> <strong>vos objectifs<\/strong> :<\/p>\n\n\n\n<p>#Faire \u00e9merger les solutions \u00e0 mettre en \u0153uvre, faciliter la <strong>coop\u00e9ration<\/strong><\/p>\n\n\n\n<p>#Animer des <strong>ateliers <\/strong> avec les  diff\u00e9rents <strong>acteur<\/strong>s de votre entreprise, avec les parties prenantes de votre <strong>ecosyst\u00e8me<\/strong><\/p>\n\n\n\n<p>#Identification d&rsquo;\u00e9ventuels besoins de <strong>monter en comp\u00e9tences<\/strong><\/p>\n\n\n\n<p>#Journ\u00e9es de <strong>coaching d\u2019ambassadeurs de la transformation<\/strong> <\/p>\n\n\n\n<p>#Elaboration, deploiement d&rsquo;une <strong>vision<\/strong> d&rsquo;entreprise<\/p>\n\n\n\n<p># etc &#8230;<\/p>\n\n\n\n<p>Je vous propose de r\u00e9aliser un 1er \u00e9change en visio, vous pouvez  fixer RDV <a href=\"https:\/\/calendar.app.google\/PvASYx6KcoD9VRhZ9\" data-type=\"URL\" data-id=\"https:\/\/calendar.app.google\/PvASYx6KcoD9VRhZ9\" target=\"_blank\" rel=\"noreferrer noopener\">ici<\/a><\/p>\n<\/div><\/div>\n\n\n\n<p><\/p>\n\n\n\n<p><\/p>\n\n\n\n<h1 class=\"wp-block-heading\"> <\/h1>\n","protected":false},"excerpt":{"rendered":"<p>Donner du SENS aux transformations en cours et \u00e0 venir et vous accompagner dans la mise en oeuvre. Responsable de l&rsquo;accompagnement du changement dans un grand groupe bancaire sur le quart Sud est de la France, je vous partage mes exp\u00e9riences pour faciliter au sein de votre activit\u00e9 la conduite du changement . Centr\u00e9e sur [&hellip;]<\/p>\n","protected":false},"author":1,"featured_media":0,"parent":0,"menu_order":0,"comment_status":"closed","ping_status":"closed","template":"","meta":{"_seopress_robots_primary_cat":"","footnotes":""},"class_list":["post-91","page","type-page","status-publish","hentry"],"_links":{"self":[{"href":"https:\/\/sldcoaching.fr\/index.php?rest_route=\/wp\/v2\/pages\/91","targetHints":{"allow":["GET"]}}],"collection":[{"href":"https:\/\/sldcoaching.fr\/index.php?rest_route=\/wp\/v2\/pages"}],"about":[{"href":"https:\/\/sldcoaching.fr\/index.php?rest_route=\/wp\/v2\/types\/page"}],"author":[{"embeddable":true,"href":"https:\/\/sldcoaching.fr\/index.php?rest_route=\/wp\/v2\/users\/1"}],"replies":[{"embeddable":true,"href":"https:\/\/sldcoaching.fr\/index.php?rest_route=%2Fwp%2Fv2%2Fcomments&post=91"}],"version-history":[{"count":14,"href":"https:\/\/sldcoaching.fr\/index.php?rest_route=\/wp\/v2\/pages\/91\/revisions"}],"predecessor-version":[{"id":710,"href":"https:\/\/sldcoaching.fr\/index.php?rest_route=\/wp\/v2\/pages\/91\/revisions\/710"}],"wp:attachment":[{"href":"https:\/\/sldcoaching.fr\/index.php?rest_route=%2Fwp%2Fv2%2Fmedia&parent=91"}],"curies":[{"name":"wp","href":"https:\/\/api.w.org\/{rel}","templated":true}]}}