{"id":725,"date":"2024-03-26T14:35:51","date_gmt":"2024-03-26T13:35:51","guid":{"rendered":"https:\/\/sldcoaching.fr\/?page_id=725"},"modified":"2025-02-17T15:04:43","modified_gmt":"2025-02-17T14:04:43","slug":"premiers-secours-en-sante-mentale","status":"publish","type":"page","link":"https:\/\/sldcoaching.fr\/?page_id=725","title":{"rendered":"Premiers Secours en Sant\u00e9 Mentale"},"content":{"rendered":"\n<div class=\"wp-block-media-text is-stacked-on-mobile\" style=\"grid-template-columns:25% auto\"><figure class=\"wp-block-media-text__media\"><img loading=\"lazy\" decoding=\"async\" width=\"834\" height=\"283\" src=\"https:\/\/sldcoaching.fr\/wp-content\/uploads\/2025\/02\/LOGO_PSSM_FORMATRICE_COULEUR.png\" alt=\"\" class=\"wp-image-791 size-full\" srcset=\"https:\/\/sldcoaching.fr\/wp-content\/uploads\/2025\/02\/LOGO_PSSM_FORMATRICE_COULEUR.png 834w, https:\/\/sldcoaching.fr\/wp-content\/uploads\/2025\/02\/LOGO_PSSM_FORMATRICE_COULEUR-300x102.png 300w, https:\/\/sldcoaching.fr\/wp-content\/uploads\/2025\/02\/LOGO_PSSM_FORMATRICE_COULEUR-768x261.png 768w\" sizes=\"auto, 100vw\" \/><\/figure><div class=\"wp-block-media-text__content\">\n<p><\/p>\n\n\n\n<p><\/p>\n\n\n\n<p><\/p>\n<\/div><\/div>\n\n\n\n<p>Ambassadrice PSSM, secouriste en sant\u00e9 mentale je suis \u00e9galement formatrice accr\u00e9dit\u00e9e <a href=\"https:\/\/pssmfrance.fr\/\">Premiers Secours en Sant\u00e9 Mentale<\/a> France.<\/p>\n\n\n\n<p><strong>Apprendre \u00e0 aider<\/strong> ceux que vous cotoyez fait partie de &nbsp;<strong>vos objectifs<\/strong> \u00e0 <strong>atteindre <\/strong>.<\/p>\n\n\n\n<p>Je vous forme pendant  <strong>2 jours \u00e0 devenir secouriste en sant\u00e9 mentale<\/strong>, c&rsquo;est une <strong>formation accessible \u00e0 tous<\/strong> : <strong>pas de pr\u00e9 requis.<\/strong> <\/p>\n\n\n\n<p>Cette formation &nbsp;vous donne les outils pour devenir secouriste en sant\u00e9 mentale et<strong> accompagner tout au long de l\u2019ann\u00e9e vos coll\u00e8gues, vos amis, votre entourage<\/strong> &#8230;<\/p>\n\n\n\n<p>Vous  aurez des cl\u00e9s pour am\u00e9liorer vos comp\u00e9tences pour aider et <strong>permettre \u00e0 chacun de profiter d&rsquo;une sant\u00e9 mentale  plus harmonieuse.<\/strong><\/p>\n\n\n\n<p>La formation dispense les connaissances sur la sant\u00e9 mentale et un plan d&rsquo;actions pour pouvoir aider les personnes qui subissent le d\u00e9but de troubles de sant\u00e9 mentale, la d\u00e9t\u00e9rioration de troubles existants de sant\u00e9 mentale ou des crises de sant\u00e9 mentale.<\/p>\n\n\n\n<p><strong>Les objectifs <\/strong>de cette formation : <\/p>\n\n\n\n<ul class=\"wp-block-list\">\n<li><strong>Sensibiliser \u00e0 la question de la sant\u00e9 mentale<\/strong><\/li>\n\n\n\n<li><strong>Mieux informer sur les troubles psychiques<\/strong><\/li>\n\n\n\n<li><strong>D\u00e9velopper les bons reflexes face \u00e0 une personne en souffrance<\/strong><\/li>\n<\/ul>\n\n\n\n<p>La formation de secouriste est con\u00e7ue pour permettre aux secouristes d&rsquo;\u00eatre attentifs et de reconna\u00eetre les premi\u00e8res manifestations ou l&rsquo;aggravation de troubles mentaux, de savoir se comporter de fa\u00e7on adapt\u00e9e pour entrer en contact avec la personne et gagner sa confiance et de conna\u00eetre suffisamment les ressources professionnelles et non professionnelles pour l&rsquo;orienter ou l&rsquo;aider \u00e0 se r\u00e9orienter vers les soins adapt\u00e9s<\/p>\n\n\n\n<p>Co\u00fbt 250 \u20ac TTC par participant, manuel inclus<\/p>\n\n\n\n<p><strong>Pour vous former, former votre entourage, votre association ou votre entreprise aux premiers secours en sant\u00e9 mentale&nbsp;<\/strong>, contactez moi au 07 71 16 18 03 ou par mail labarrsy@gmail.com<\/p>\n\n\n\n<p><strong>PROCHAINES DATES : 12 et 13 septembre sur Belleville en Beaujolais ou Montmerle sur Saone( lieu \u00e0 confirmer) , 24 et 25 octobre sur Belleville en Beaujolais<\/strong><\/p>\n\n\n\n<h2 class=\"wp-block-heading\" id=\"organiser\">Former dans le cadre professionnel<\/h2>\n\n\n\n<p>Au m\u00eame titre qu\u2019elles ont l\u2019obligation d\u2019identifier les risques psychosociaux et de prot\u00e9ger la sant\u00e9 physique de leurs salari\u00e9s,<\/p>\n\n\n\n<p> les entreprises<strong>&nbsp;doivent prendre en compte la sant\u00e9 mentale de ses collaborateurs:<\/strong>&nbsp;22 % des longs arr\u00eats maladie sont li\u00e9s \u00e0 des troubles psychologiques ou \u00e0 une grande fatigue.<\/p>\n\n\n\n<p>La sant\u00e9 mentale en milieu professionnel a un <strong>impact important sur la productivit\u00e9 et le bien-\u00eatre des employ\u00e9s<\/strong><\/p>\n\n\n\n<p>Le cadre professionnel est un espace privil\u00e9gi\u00e9 de formation du public adulte aux premiers secours en sant\u00e9 mentale. <\/p>\n\n\n\n<p><strong>Le code du travail<\/strong><br>En tant qu\u2019employeur, il faut prendre les mesures n\u00e9cessaires pour assurer la s\u00e9curit\u00e9 et prot\u00e9ger la sant\u00e9 physique et mentale des salari\u00e9s comme l\u2019expliquent les&nbsp;<a href=\"https:\/\/www.legifrance.gouv.fr\/affichCode.do?idSectionTA=LEGISCTA000006178066&amp;cidTexte=LEGITEXT000006072050&amp;dateTexte=20090528\" rel=\"noreferrer noopener\" target=\"_blank\">articles L 4121-1 \u00e0 5 du code du travail<\/a>. Ces dispositions mesures comprennent&nbsp;:<\/p>\n\n\n\n<ul class=\"wp-block-list\">\n<li>des actions de pr\u00e9vention des risques professionnels,<\/li>\n\n\n\n<li>des actions d\u2019information et de <strong>formation<\/strong><\/li>\n\n\n\n<li>la mise en place d\u2019une organisation et des moyens adapt\u00e9s<\/li>\n<\/ul>\n\n\n\n<p>Notre programme permet aux entreprises&nbsp;<strong>de b\u00e9n\u00e9ficier de r\u00e9f\u00e9rents internes&nbsp;<\/strong>pour agir face aux personnes en souffrance, pr\u00e9sentant des troubles psychiques ou en crise.<\/p>\n\n\n\n<p>Possibilit\u00e9 de fixer des dates sur demande , groupe de 8 \u00e0 16 personnes que ce soit en interne dans unE entreprise ou en intra entreprise<\/p>\n\n\n\n<p><strong>PROCHAINES DATES : 12 et 13 septembre sur Belleville en Beaujolais ou Montmerle sur Saone( lieu \u00e0 confirmer) , 24 et 25 octobre sur Belleville en Beaujolais<\/strong><\/p>\n\n\n\n<div class=\"wp-block-media-text is-stacked-on-mobile\" style=\"grid-template-columns:15% auto\"><figure class=\"wp-block-media-text__media\"><img loading=\"lazy\" decoding=\"async\" width=\"1024\" height=\"1017\" src=\"https:\/\/sldcoaching.fr\/wp-content\/uploads\/2024\/03\/Profil-1-1024x1017.png\" alt=\"\" class=\"wp-image-772 size-full\" srcset=\"https:\/\/sldcoaching.fr\/wp-content\/uploads\/2024\/03\/Profil-1-1024x1017.png 1024w, https:\/\/sldcoaching.fr\/wp-content\/uploads\/2024\/03\/Profil-1-300x298.png 300w, https:\/\/sldcoaching.fr\/wp-content\/uploads\/2024\/03\/Profil-1-150x150.png 150w, https:\/\/sldcoaching.fr\/wp-content\/uploads\/2024\/03\/Profil-1-768x763.png 768w, https:\/\/sldcoaching.fr\/wp-content\/uploads\/2024\/03\/Profil-1.png 1235w\" sizes=\"auto, 100vw\" \/><\/figure><div class=\"wp-block-media-text__content\">\n<p>Pour obtenir le d\u00e9roul\u00e9 p\u00e9dagogique, pour vous inscrire et pour toutes precisions : contactez moi au 07 71 16 18 03 ou par mail labarrsy@gmail.com<\/p>\n<\/div><\/div>\n\n\n\n<p><\/p>\n","protected":false},"excerpt":{"rendered":"<p>Ambassadrice PSSM, secouriste en sant\u00e9 mentale je suis \u00e9galement formatrice accr\u00e9dit\u00e9e Premiers Secours en Sant\u00e9 Mentale France. Apprendre \u00e0 aider ceux que vous cotoyez fait partie de &nbsp;vos objectifs \u00e0 atteindre . Je vous forme pendant 2 jours \u00e0 devenir secouriste en sant\u00e9 mentale, c&rsquo;est une formation accessible \u00e0 tous : pas de pr\u00e9 requis. [&hellip;]<\/p>\n","protected":false},"author":1,"featured_media":0,"parent":0,"menu_order":0,"comment_status":"closed","ping_status":"closed","template":"","meta":{"_seopress_robots_primary_cat":"","footnotes":""},"class_list":["post-725","page","type-page","status-publish","hentry"],"_links":{"self":[{"href":"https:\/\/sldcoaching.fr\/index.php?rest_route=\/wp\/v2\/pages\/725","targetHints":{"allow":["GET"]}}],"collection":[{"href":"https:\/\/sldcoaching.fr\/index.php?rest_route=\/wp\/v2\/pages"}],"about":[{"href":"https:\/\/sldcoaching.fr\/index.php?rest_route=\/wp\/v2\/types\/page"}],"author":[{"embeddable":true,"href":"https:\/\/sldcoaching.fr\/index.php?rest_route=\/wp\/v2\/users\/1"}],"replies":[{"embeddable":true,"href":"https:\/\/sldcoaching.fr\/index.php?rest_route=%2Fwp%2Fv2%2Fcomments&post=725"}],"version-history":[{"count":19,"href":"https:\/\/sldcoaching.fr\/index.php?rest_route=\/wp\/v2\/pages\/725\/revisions"}],"predecessor-version":[{"id":792,"href":"https:\/\/sldcoaching.fr\/index.php?rest_route=\/wp\/v2\/pages\/725\/revisions\/792"}],"wp:attachment":[{"href":"https:\/\/sldcoaching.fr\/index.php?rest_route=%2Fwp%2Fv2%2Fmedia&parent=725"}],"curies":[{"name":"wp","href":"https:\/\/api.w.org\/{rel}","templated":true}]}}