{"id":6,"date":"2022-06-08T15:10:40","date_gmt":"2022-06-08T13:10:40","guid":{"rendered":"https:\/\/sldcoaching.fr\/?page_id=6"},"modified":"2024-05-02T09:42:44","modified_gmt":"2024-05-02T07:42:44","slug":"colibri-wp","status":"publish","type":"page","link":"https:\/\/sldcoaching.fr\/","title":{"rendered":""},"content":{"rendered":"\n<div class=\"alignnormal\"><div id=\"metaslider-id-113\" style=\"width: 100%; margin: 0 auto;\" class=\"ml-slider-3-27-7 metaslider metaslider-nivo metaslider-113 ml-slider\">\n    <div id=\"metaslider_container_113\">\n        <div class='slider-wrapper theme-default'><div class='ribbon'><\/div><div id='metaslider_113' class='nivoSlider'><img loading=\"lazy\" decoding=\"async\" src=\"https:\/\/sldcoaching.fr\/wp-content\/uploads\/2022\/07\/IMG1-850x400.jpg\" height=\"400\" width=\"850\" title=\"coaching individuel, am\u00e9liorer sa vie professionnelle, coaching de manager\" alt=\"Sylvie Labarre Dallery-d\u00e9veloppement des potentiels-coaching individuel\" class=\"slider-113 slide-114\" \/><img loading=\"lazy\" decoding=\"async\" src=\"https:\/\/sldcoaching.fr\/wp-content\/uploads\/2022\/07\/IMG2-850x400.jpg\" height=\"400\" width=\"850\" title=\"coaching individuel, am\u00e9liorer sa vie professionnelle\" alt=\"Sylvie Labarre Dallery-d\u00e9veloppement des potentiels-coaching individuel\" class=\"slider-113 slide-115\" \/><img loading=\"lazy\" decoding=\"async\" src=\"https:\/\/sldcoaching.fr\/wp-content\/uploads\/2022\/07\/IMG3-850x400.jpg\" height=\"400\" width=\"850\" title=\"coaching d&#039;\u00e9quipe, autonomie, confiance, responsabilit\u00e9\" alt=\"Sylvie Labarre Dallery-coaching \u00e9quipe-coaching entreprise- intelligence collective\" class=\"slider-113 slide-358\" \/><img loading=\"lazy\" decoding=\"async\" src=\"https:\/\/sldcoaching.fr\/wp-content\/uploads\/2022\/07\/IMG4-850x400.jpg\" height=\"400\" width=\"850\" title=\"coaching cr\u00e9ateur entreprise, dirigeant, repreneur\" alt=\"Sylvie Labarre Dallery-coaching cr\u00e9ateur entreprise- coaching dirigeant\" class=\"slider-113 slide-359\" \/><\/div><\/div>\n        \n    <\/div>\n<\/div><\/div>\n\n\n\n<div class=\"wp-block-media-text alignwide is-stacked-on-mobile\" style=\"grid-template-columns:28% auto\"><figure class=\"wp-block-media-text__media\"><img loading=\"lazy\" decoding=\"async\" width=\"1024\" height=\"683\" src=\"https:\/\/sldcoaching.fr\/wp-content\/uploads\/2023\/05\/SLD5-1024x683.jpg\" alt=\"\" class=\"wp-image-676 size-full\" srcset=\"https:\/\/sldcoaching.fr\/wp-content\/uploads\/2023\/05\/SLD5-1024x683.jpg 1024w, https:\/\/sldcoaching.fr\/wp-content\/uploads\/2023\/05\/SLD5-300x200.jpg 300w, https:\/\/sldcoaching.fr\/wp-content\/uploads\/2023\/05\/SLD5-768x512.jpg 768w, https:\/\/sldcoaching.fr\/wp-content\/uploads\/2023\/05\/SLD5-1536x1024.jpg 1536w, https:\/\/sldcoaching.fr\/wp-content\/uploads\/2023\/05\/SLD5-450x300.jpg 450w, https:\/\/sldcoaching.fr\/wp-content\/uploads\/2023\/05\/SLD5.jpg 2048w\" sizes=\"auto, 100vw\" \/><\/figure><div class=\"wp-block-media-text__content\">\n<div class=\"wp-block-group\"><div class=\"wp-block-group__inner-container is-layout-flow wp-block-group-is-layout-flow\">\n<p><strong>Formatrice et coach professionnelle certifi\u00e9e : RAVIE  de faire votre connaissance <\/strong><\/p>\n\n\n\n<p>Je vous propose des accompagnements diff\u00e9rents et complementaires : la <strong>formation <\/strong>et le <strong>coaching.<\/strong><\/p>\n\n\n\n<ul class=\"wp-block-list\">\n<li>La<strong> formation <\/strong>en <strong>sant\u00e9 mentale<\/strong>, la formation <strong>management<\/strong> permet de <strong>compl\u00e9ter vos connaissances, vos comp\u00e9tences<\/strong> sur un volet \u00e0 la fois<strong> th\u00e9orique et pratique<\/strong><\/li>\n\n\n\n<li>Le <strong>coaching<\/strong> vous permet d&rsquo;<strong>atteindre un objectif,<\/strong> de <strong>d\u00e9passer une difficult\u00e9<\/strong><\/li>\n<\/ul>\n\n\n\n<p>A vous de <strong>choisir<\/strong>, l&rsquo;accompagnement le plus adapt\u00e9 \u00e0 vos besoins. Je vous soutiens, vous aide  \u00e0 clarifier vos aspirations, vos besoins, \u00e0 identifier vos points de blocages \u00e9ventuels. <\/p>\n\n\n\n<p> Dans votre vie professionnelle, la <strong>formation <\/strong>et\/ou le <strong>coaching <\/strong>vous permettent de faire <strong>\u00e9merger vos solutions,<\/strong> trouver les <strong>ressources <\/strong>et de d\u00e9velopper <strong>vos comp\u00e9tences<\/strong>, <strong>vos talents<\/strong> avec le soutien d&rsquo;une personne experte externe.<\/p>\n\n\n\n<p>Vous aspirez \u00e0 <strong>r\u00e9soudre des probl\u00e9matiques<\/strong>, <strong>am\u00e9liorer votre vie professionnelle<\/strong>, \u00e0 renforcer votre <strong>performance<\/strong>. <\/p>\n\n\n\n<p>Le coaching en entreprise vous aide \u00e0 trouver des <strong>r\u00e9ponses concr\u00e8tes<\/strong>, <strong>passer \u00e0 l\u2019action<\/strong>, <strong>mener des transformations, accompagner le changement<\/strong> au mieux  pour vous et vos collaborateurs .<\/p>\n\n\n\n<p><\/p>\n<\/div><\/div>\n<\/div><\/div>\n\n\n\n<p class=\"has-text-align-center\"><\/p>\n","protected":false},"excerpt":{"rendered":"","protected":false},"author":1,"featured_media":0,"parent":0,"menu_order":0,"comment_status":"closed","ping_status":"closed","template":"","meta":{"_seopress_robots_primary_cat":"","footnotes":""},"class_list":["post-6","page","type-page","status-publish","hentry"],"_links":{"self":[{"href":"https:\/\/sldcoaching.fr\/index.php?rest_route=\/wp\/v2\/pages\/6","targetHints":{"allow":["GET"]}}],"collection":[{"href":"https:\/\/sldcoaching.fr\/index.php?rest_route=\/wp\/v2\/pages"}],"about":[{"href":"https:\/\/sldcoaching.fr\/index.php?rest_route=\/wp\/v2\/types\/page"}],"author":[{"embeddable":true,"href":"https:\/\/sldcoaching.fr\/index.php?rest_route=\/wp\/v2\/users\/1"}],"replies":[{"embeddable":true,"href":"https:\/\/sldcoaching.fr\/index.php?rest_route=%2Fwp%2Fv2%2Fcomments&post=6"}],"version-history":[{"count":38,"href":"https:\/\/sldcoaching.fr\/index.php?rest_route=\/wp\/v2\/pages\/6\/revisions"}],"predecessor-version":[{"id":783,"href":"https:\/\/sldcoaching.fr\/index.php?rest_route=\/wp\/v2\/pages\/6\/revisions\/783"}],"wp:attachment":[{"href":"https:\/\/sldcoaching.fr\/index.php?rest_route=%2Fwp%2Fv2%2Fmedia&parent=6"}],"curies":[{"name":"wp","href":"https:\/\/api.w.org\/{rel}","templated":true}]}}