{"id":425,"date":"2022-07-19T15:51:34","date_gmt":"2022-07-19T13:51:34","guid":{"rendered":"https:\/\/sldcoaching.fr\/?page_id=425"},"modified":"2023-06-16T11:05:57","modified_gmt":"2023-06-16T09:05:57","slug":"mentions-legales","status":"publish","type":"page","link":"https:\/\/sldcoaching.fr\/?page_id=425","title":{"rendered":"Mentions l\u00e9gales"},"content":{"rendered":"\n<p><strong>Responsable de publication<\/strong><\/p>\n\n\n\n<p><br>Le site Internet \u00ab Sylvie Labarre Dallery, SLD Accompagnements  \u00bb sont \u00e9dit\u00e9s par la <\/p>\n\n\n\n<p>SASU SLD Accompagnements au capital de 2000 euros, immatricul\u00e9e au registre du commerce <\/p>\n\n\n\n<p>et des soci\u00e9t\u00e9s de Bourg en Bresse, sous le num\u00e9ro Siren 910&nbsp;499 763 RCS de Bourg en Bresse, <\/p>\n\n\n\n<p>D\u00e9claration d\u2019activit\u00e9 de prestataire de formation num\u00e9ro 84010249401,<\/p>\n\n\n\n<p> ayant son si\u00e8ge social au 120 route de la crois\u00e9e 01090 Gu\u00e9reins<\/p>\n\n\n\n<p>La directrice de publication et responsable \u00e9ditoriale est Madame Sylvie Labarre Dallery , domicili\u00e9e \u00e0 l\u2019adresse susmentionn\u00e9e.<br>Toute r\u00e9clamation ou notification doit \u00eatre adress\u00e9e \u00e0 l\u2019adresse e-mail labarrsy@yahoo.fr ou<br>par courrier postal \u00e0 l\u2019adresse susmentionn\u00e9e.<br><\/p>\n\n\n\n<p><strong>H\u00e9bergeur<\/strong><br>Le site https:\/\/sldcoaching.fr est h\u00e9berg\u00e9 par la soci\u00e9t\u00e9 OVH<\/p>\n\n\n\n<p>2 rue kellermann BP 80157 59053 ROUBAIX CEDEX 1 &#8211; France<br>SAS au capital de 10 174 560,00 \u20ac &#8211; RCS LILLE METROPOLE 424 761 419 00045 &#8211; Code APE 2620Z<br>N\u00b0TVA FR22424761419<\/p>\n\n\n\n<p><\/p>\n\n\n\n<p><strong>Cr\u00e9dit photos<\/strong> : Freepik, Lemy Photography merci Alexandra Lathuili\u00e8re<\/p>\n\n\n\n<p><\/p>\n\n\n\n<p><\/p>\n","protected":false},"excerpt":{"rendered":"<p>Responsable de publication Le site Internet \u00ab Sylvie Labarre Dallery, SLD Accompagnements \u00bb sont \u00e9dit\u00e9s par la SASU SLD Accompagnements au capital de 2000 euros, immatricul\u00e9e au registre du commerce et des soci\u00e9t\u00e9s de Bourg en Bresse, sous le num\u00e9ro Siren 910&nbsp;499 763 RCS de Bourg en Bresse, D\u00e9claration d\u2019activit\u00e9 de prestataire de formation num\u00e9ro [&hellip;]<\/p>\n","protected":false},"author":1,"featured_media":0,"parent":0,"menu_order":0,"comment_status":"closed","ping_status":"closed","template":"","meta":{"_seopress_robots_primary_cat":"","footnotes":""},"class_list":["post-425","page","type-page","status-publish","hentry"],"_links":{"self":[{"href":"https:\/\/sldcoaching.fr\/index.php?rest_route=\/wp\/v2\/pages\/425","targetHints":{"allow":["GET"]}}],"collection":[{"href":"https:\/\/sldcoaching.fr\/index.php?rest_route=\/wp\/v2\/pages"}],"about":[{"href":"https:\/\/sldcoaching.fr\/index.php?rest_route=\/wp\/v2\/types\/page"}],"author":[{"embeddable":true,"href":"https:\/\/sldcoaching.fr\/index.php?rest_route=\/wp\/v2\/users\/1"}],"replies":[{"embeddable":true,"href":"https:\/\/sldcoaching.fr\/index.php?rest_route=%2Fwp%2Fv2%2Fcomments&post=425"}],"version-history":[{"count":7,"href":"https:\/\/sldcoaching.fr\/index.php?rest_route=\/wp\/v2\/pages\/425\/revisions"}],"predecessor-version":[{"id":706,"href":"https:\/\/sldcoaching.fr\/index.php?rest_route=\/wp\/v2\/pages\/425\/revisions\/706"}],"wp:attachment":[{"href":"https:\/\/sldcoaching.fr\/index.php?rest_route=%2Fwp%2Fv2%2Fmedia&parent=425"}],"curies":[{"name":"wp","href":"https:\/\/api.w.org\/{rel}","templated":true}]}}