{"id":165,"date":"2022-06-30T17:04:16","date_gmt":"2022-06-30T15:04:16","guid":{"rendered":"https:\/\/sldcoaching.fr\/?page_id=165"},"modified":"2024-04-02T15:21:39","modified_gmt":"2024-04-02T13:21:39","slug":"actualites","status":"publish","type":"page","link":"https:\/\/sldcoaching.fr\/?page_id=165","title":{"rendered":"Actualit\u00e9s"},"content":{"rendered":"\n<div class=\"wp-block-media-text is-stacked-on-mobile\" style=\"grid-template-columns:24% auto\"><figure class=\"wp-block-media-text__media\"><img loading=\"lazy\" decoding=\"async\" width=\"1024\" height=\"768\" src=\"https:\/\/sldcoaching.fr\/wp-content\/uploads\/2024\/04\/photo-groupe-1024x768.jpeg\" alt=\"\" class=\"wp-image-778 size-full\" srcset=\"https:\/\/sldcoaching.fr\/wp-content\/uploads\/2024\/04\/photo-groupe-1024x768.jpeg 1024w, https:\/\/sldcoaching.fr\/wp-content\/uploads\/2024\/04\/photo-groupe-300x225.jpeg 300w, https:\/\/sldcoaching.fr\/wp-content\/uploads\/2024\/04\/photo-groupe-768x576.jpeg 768w, https:\/\/sldcoaching.fr\/wp-content\/uploads\/2024\/04\/photo-groupe-1536x1152.jpeg 1536w, https:\/\/sldcoaching.fr\/wp-content\/uploads\/2024\/04\/photo-groupe.jpeg 2048w\" sizes=\"auto, 100vw\" \/><\/figure><div class=\"wp-block-media-text__content\">\n<p>\ud83d\udce2\u00a0<strong>Formatrice en Premiers Secours en Sant\u00e9 Mentale (PSSM) <\/strong>\u00a0\ud83c\udf1fJe suis ravi(e) de partager avec vous mon \u00a0<strong>accr\u00e9ditation en tant que formatrice PSSM<\/strong>. \ud83c\udf93 PSSM,<strong> Premiers Secours en Sant\u00e9 Mentale<\/strong> c\u2019est bien plus qu\u2019une simple formation : c\u2019est une opportunit\u00e9 de\u00a0<strong>changer des vies<\/strong>\u00a0et de contribuer \u00e0 la sant\u00e9 mentale de notre communaut\u00e9.<\/p>\n\n\n\n<p>\ud83c\udf3f\u00a0<strong>Pourquoi devenir secouriste PSSM ?<\/strong><\/p>\n\n\n\n<ul class=\"wp-block-list\">\n<li>Vous aurez le pouvoir d\u2019aider et d\u2019accompagner <strong> vos coll\u00e8gues, vos clients, les personnes avec lesquels vous \u00eates en lien  .<\/strong><\/li>\n\n\n\n<li><strong>Cadre solide<\/strong>&nbsp;: Le programme PSSM repose sur une structure et un contenu d\u00e9ploy\u00e9 depuis 2019 en France et depuis plus de 20 ans dans le monde<\/li>\n\n\n\n<li><strong>Objectif ambitieux<\/strong>&nbsp;: PSSM vise \u00e0 former&nbsp;<strong>750 000 secouristes d\u2019ici 2030<\/strong>&nbsp;pour am\u00e9liorer la sant\u00e9 mentale de notre soci\u00e9t\u00e9.<\/li>\n<\/ul>\n\n\n\n<p>\ud83c\udf1f&nbsp;<strong>Qui veut devenir secouriste en sant\u00e9 mentale ?<\/strong><\/p>\n<\/div><\/div>\n\n\n\n<div class=\"wp-block-media-text is-stacked-on-mobile\" style=\"grid-template-columns:35% auto\"><figure class=\"wp-block-media-text__media\"><img loading=\"lazy\" decoding=\"async\" width=\"758\" height=\"375\" src=\"https:\/\/sldcoaching.fr\/wp-content\/uploads\/2024\/02\/Capture-decran-2024-02-15-163253-1.png\" alt=\"\" class=\"wp-image-764 size-full\" srcset=\"https:\/\/sldcoaching.fr\/wp-content\/uploads\/2024\/02\/Capture-decran-2024-02-15-163253-1.png 758w, https:\/\/sldcoaching.fr\/wp-content\/uploads\/2024\/02\/Capture-decran-2024-02-15-163253-1-300x148.png 300w\" sizes=\"auto, 100vw\" \/><\/figure><div class=\"wp-block-media-text__content\">\n<p class=\"has-text-align-left\">Je suis ravie de vous informer que je participerai en tant que&nbsp;<strong>formatrice et coach professionnelle<\/strong>&nbsp;au&nbsp;<strong>Salon du Management<\/strong>, qui se tiendra au&nbsp;<strong>Palais des Congr\u00e8s de Paris<\/strong>&nbsp;le&nbsp;<strong>27 f\u00e9vrier 2024<\/strong> \ud83c\udf1f<\/p>\n\n\n\n<p>Cet \u00e9v\u00e9nement prestigieux rassemblera&nbsp;<strong>3 500 visiteurs<\/strong>,&nbsp;<strong>50 stands<\/strong>, et&nbsp;<strong>60 intervenants<\/strong>&nbsp;pour explorer les <strong>derni\u00e8res tendances et meilleures pratiques en mati\u00e8re de gestion et de leadership.<\/strong><\/p>\n<\/div><\/div>\n\n\n\n<p>Pour ceux qui me connaissent, mon empathie et mon attachement au deploiement de chacun m&rsquo;ont amen\u00e9 \u00e0 me former et je suis <strong>Secouriste en sant\u00e9 mentale<\/strong>.<\/p>\n\n\n\n<p>Merci \u00e0 <a href=\"https:\/\/pssmfrance.fr\/\" data-type=\"link\" data-id=\"https:\/\/pssmfrance.fr\/\">PSSM <\/a>pour cette d\u00e9marche et la qualit\u00e9 de la formation<\/p>\n\n\n\n<figure class=\"wp-block-image size-full is-resized\"><img loading=\"lazy\" decoding=\"async\" width=\"877\" height=\"650\" src=\"https:\/\/sldcoaching.fr\/wp-content\/uploads\/2024\/01\/Capture-decran-2024-01-11-112618.png\" alt=\"\" class=\"wp-image-723\" style=\"width:527px;height:auto\" srcset=\"https:\/\/sldcoaching.fr\/wp-content\/uploads\/2024\/01\/Capture-decran-2024-01-11-112618.png 877w, https:\/\/sldcoaching.fr\/wp-content\/uploads\/2024\/01\/Capture-decran-2024-01-11-112618-300x222.png 300w, https:\/\/sldcoaching.fr\/wp-content\/uploads\/2024\/01\/Capture-decran-2024-01-11-112618-768x569.png 768w\" sizes=\"auto, 100vw\" \/><\/figure>\n\n\n\n<figure class=\"wp-block-image size-large is-resized\"><img loading=\"lazy\" decoding=\"async\" width=\"1024\" height=\"459\" src=\"https:\/\/sldcoaching.fr\/wp-content\/uploads\/2024\/01\/Capture-decran-2024-01-11-112104-1024x459.png\" alt=\"\" class=\"wp-image-722\" style=\"width:825px;height:auto\" srcset=\"https:\/\/sldcoaching.fr\/wp-content\/uploads\/2024\/01\/Capture-decran-2024-01-11-112104-1024x459.png 1024w, https:\/\/sldcoaching.fr\/wp-content\/uploads\/2024\/01\/Capture-decran-2024-01-11-112104-300x135.png 300w, https:\/\/sldcoaching.fr\/wp-content\/uploads\/2024\/01\/Capture-decran-2024-01-11-112104-768x344.png 768w, https:\/\/sldcoaching.fr\/wp-content\/uploads\/2024\/01\/Capture-decran-2024-01-11-112104.png 1356w\" sizes=\"auto, 100vw\" \/><\/figure>\n\n\n\n<p>Un nouvel atelier que j&rsquo;anime pour les porteurs de projets et les entrepreneurs d\u00e9j\u00e0 install\u00e9s, c&rsquo;est avec Entreprendre Ici sur Belleville en Beaujolais<\/p>\n\n\n\n<figure class=\"wp-block-image size-full\"><img loading=\"lazy\" decoding=\"async\" width=\"652\" height=\"727\" src=\"https:\/\/sldcoaching.fr\/wp-content\/uploads\/2023\/06\/COM-CCSB-Juin-2023.jpg\" alt=\"\" class=\"wp-image-698\" srcset=\"https:\/\/sldcoaching.fr\/wp-content\/uploads\/2023\/06\/COM-CCSB-Juin-2023.jpg 652w, https:\/\/sldcoaching.fr\/wp-content\/uploads\/2023\/06\/COM-CCSB-Juin-2023-269x300.jpg 269w\" sizes=\"auto, (max-width: 652px) 100vw, 652px\" \/><\/figure>\n\n\n\n<p><strong>Atelier poue les dirigeants de la Communaut\u00e9 de Commune Saone Beaujolais<\/strong> Mai 2023<\/p>\n\n\n\n<div class=\"wp-block-media-text alignwide is-stacked-on-mobile is-vertically-aligned-top\"><figure class=\"wp-block-media-text__media\"><img loading=\"lazy\" decoding=\"async\" width=\"426\" height=\"697\" src=\"https:\/\/sldcoaching.fr\/wp-content\/uploads\/2023\/05\/com-linkedin.jpg\" alt=\"\" class=\"wp-image-692 size-full\" srcset=\"https:\/\/sldcoaching.fr\/wp-content\/uploads\/2023\/05\/com-linkedin.jpg 426w, https:\/\/sldcoaching.fr\/wp-content\/uploads\/2023\/05\/com-linkedin-183x300.jpg 183w\" sizes=\"auto, (max-width: 426px) 100vw, 426px\" \/><\/figure><div class=\"wp-block-media-text__content\">\n<p><\/p>\n<\/div><\/div>\n\n\n\n<p><strong>CERCLE DE FEMMES ENTREPRENEURES<\/strong> Avril 2023<\/p>\n\n\n\n<p>Un grand plaisir pour moi de mettre mes comp\u00e9tences de coach professionnelle au service de l ADIE pour animer ce cercle de femmes entrepreneures ce 28 avril \u00e0 l ADIE Limas Villefranche sur Sa\u00f4ne.<\/p>\n\n\n\n<p>Le t\u00e9moignage d&rsquo;<a href=\"https:\/\/www.linkedin.com\/in\/isabelle-desportes-36b496173?miniProfileUrn=urn%3Ali%3Afs_miniProfile%3AACoAACkvI4MBPxt5ttu_vUdfh-NpKAcs5x2vx7Q\"><\/a><a href=\"https:\/\/www.linkedin.com\/in\/isabelle-desportes-36b496173?miniProfileUrn=urn%3Ali%3Afs_miniProfile%3AACoAACkvI4MBPxt5ttu_vUdfh-NpKAcs5x2vx7Q\">Isabelle DESPORTES Directrice Territoriale Adjointe ADIE RH\u00d4NE<\/a><a href=\"https:\/\/www.linkedin.com\/feed\/update\/urn:li:activity:7057686385855451137\/\"><\/a><\/p>\n\n\n\n<p><a href=\"https:\/\/www.linkedin.com\/feed\/hashtag\/?keywords=entrepreneuriat&amp;highlightedUpdateUrns=urn%3Ali%3Aactivity%3A7057702022942191616\">#entrepreneuriat<\/a>&nbsp;<a href=\"https:\/\/www.linkedin.com\/feed\/hashtag\/?keywords=bienveillance&amp;highlightedUpdateUrns=urn%3Ali%3Aactivity%3A7057702022942191616\">#bienveillance<\/a>&nbsp;<a href=\"https:\/\/www.linkedin.com\/feed\/hashtag\/?keywords=animation&amp;highlightedUpdateUrns=urn%3Ali%3Aactivity%3A7057702022942191616\">#animation<\/a>&nbsp;<\/p>\n\n\n\n<p>Ce matin, lancement officiel de notre \u00ab&nbsp;cercle de femmes&nbsp;\u00bb \u00e0 Limas\/Villefranche-sur-Sa\u00f4ne.<br>1h30 d\u2019\u00e9changes pour :<br>&#8211; grandir ensemble<br>&#8211; partager des exp\u00e9riences<br>&#8211; d\u00e9velopper l\u2019activit\u00e9 (r\u00e9seau)<br>Belinda, Val\u00e9rie, Alexandra, Sara et R\u00e9jane, clientes ADIE, heureuses d\u2019avoir cet espace pr\u00e9cieux pour se retrouver, \u00e9changer avec bienveillance.<br>Beaucoup d\u2019\u00e9motions mais surtout un plaisir ind\u00e9fectible de se retrouver.<br>Clin d\u2019\u0153il \u00e0 Belinda, notre ambassadrice \u2764\ufe0f<br>Merci \u00e0 Sylvie Labarre Dallery, coach b\u00e9n\u00e9vole ADIE, pour son animation.<br>Avec le soutien inconditionnel d\u2019Alpha, conseiller \u00e0 l\u2019agence de Villefranche, qui soutient l\u2019entrepreneuriat des femmes.<\/p>\n\n\n\n<figure class=\"wp-block-image size-full\"><img loading=\"lazy\" decoding=\"async\" width=\"384\" height=\"288\" src=\"https:\/\/sldcoaching.fr\/wp-content\/uploads\/2023\/05\/image.png\" alt=\"\" class=\"wp-image-662\" srcset=\"https:\/\/sldcoaching.fr\/wp-content\/uploads\/2023\/05\/image.png 384w, https:\/\/sldcoaching.fr\/wp-content\/uploads\/2023\/05\/image-300x225.png 300w\" sizes=\"auto, (max-width: 384px) 100vw, 384px\" \/><\/figure>\n\n\n\n<p><\/p>\n\n\n\n<p><strong>Coaching professionnel, un levier de croissance et de progr\u00e8s<\/strong><\/p>\n\n\n\n<figure class=\"wp-block-image size-large is-resized\"><img loading=\"lazy\" decoding=\"async\" width=\"1024\" height=\"698\" src=\"https:\/\/sldcoaching.fr\/wp-content\/uploads\/2022\/09\/successful-business-people-with-strategic-plans-1024x698.jpg\" alt=\"\" class=\"wp-image-553\" style=\"width:220px;height:150px\" srcset=\"https:\/\/sldcoaching.fr\/wp-content\/uploads\/2022\/09\/successful-business-people-with-strategic-plans-1024x698.jpg 1024w, https:\/\/sldcoaching.fr\/wp-content\/uploads\/2022\/09\/successful-business-people-with-strategic-plans-300x204.jpg 300w, https:\/\/sldcoaching.fr\/wp-content\/uploads\/2022\/09\/successful-business-people-with-strategic-plans-768x523.jpg 768w, https:\/\/sldcoaching.fr\/wp-content\/uploads\/2022\/09\/successful-business-people-with-strategic-plans-1536x1046.jpg 1536w, https:\/\/sldcoaching.fr\/wp-content\/uploads\/2022\/09\/successful-business-people-with-strategic-plans-2048x1395.jpg 2048w\" sizes=\"auto, 100vw\" \/><\/figure>\n\n\n\n<p>Vous vous interrogez sur le coaching professionnel, <strong>est ce opportun de vous faire coacher<\/strong> ? En quoi peut il \u00eatre utile pour vous ? <strong>En avez vous besoin ?<\/strong><\/p>\n\n\n\n<p>Vous h\u00e9sitez entre diff\u00e9rentes formes d\u2019accompagnement professionnel&nbsp;, je vous partage <strong>cet article publi\u00e9 chez Cadre Dirigeant Magazine<\/strong><\/p>\n\n\n\n<p><a href=\"https:\/\/www-cadre--dirigeant--magazine-com.cdn.ampproject.org\/c\/s\/www.cadre-dirigeant-magazine.com\/manager\/coaching-professionnel-un-levier-de-croissance-et-de-progres\/amp\/\">https:\/\/www-cadre&#8211;dirigeant&#8211;magazine-com.cdn.ampproject.org\/c\/s\/www.cadre-dirigeant-magazine.com\/manager\/coaching-professionnel-un-levier-de-croissance-et-de-progres\/amp\/<\/a><\/p>\n\n\n\n<p><\/p>\n\n\n\n<p>Je vous invite \u00e0<strong> faire connaissance <\/strong>gr\u00e2ce \u00e0  un <strong>entretien d\u00e9couverte gratuit<\/strong>, sans engagement <\/p>\n\n\n\n<p>Vous pouvez  me joindre \u00e0 SLD Accompagnements au 07 71 16 18 03 ou par mail  <a>labarrsy<\/a>@admin9696<\/p>\n\n\n\n<p>  <\/p>\n\n\n\n<figure class=\"wp-block-image size-large is-resized\"><img loading=\"lazy\" decoding=\"async\" width=\"1024\" height=\"578\" src=\"https:\/\/sldcoaching.fr\/wp-content\/uploads\/2023\/01\/Entreprendre-Ici-1024x578.jpg\" alt=\"\" class=\"wp-image-593\" style=\"width:404px;height:228px\" srcset=\"https:\/\/sldcoaching.fr\/wp-content\/uploads\/2023\/01\/Entreprendre-Ici-1024x578.jpg 1024w, https:\/\/sldcoaching.fr\/wp-content\/uploads\/2023\/01\/Entreprendre-Ici-300x169.jpg 300w, https:\/\/sldcoaching.fr\/wp-content\/uploads\/2023\/01\/Entreprendre-Ici-768x433.jpg 768w, https:\/\/sldcoaching.fr\/wp-content\/uploads\/2023\/01\/Entreprendre-Ici.jpg 1117w\" sizes=\"auto, 100vw\" \/><figcaption class=\"wp-element-caption\"><strong>Merci au chefs d&rsquo;entreprise pr\u00e9sents et \u00e0 Entreprendre Ici pour ces partages authentiques autour de ce questionnement :quel est l&rsquo;\u00e9quilibre optimal pour chacun entre toutes les facettes de sa vie, qu&rsquo;est ce qui fait sens pour chacun.<\/strong><\/figcaption><\/figure>\n\n\n<ul class=\"wp-block-latest-posts__list is-grid columns-3 wp-block-latest-posts\"><li><div class=\"wp-block-latest-posts__featured-image\"><a href=\"https:\/\/sldcoaching.fr\/?p=566\" aria-label=\"&lt;strong&gt;Accompagnement de femmes cheffes d&rsquo;entreprise avec l&rsquo;ADIE&lt;\/strong&gt;\"><img loading=\"lazy\" decoding=\"async\" width=\"150\" height=\"150\" src=\"https:\/\/sldcoaching.fr\/wp-content\/uploads\/2022\/11\/image-1-150x150.png\" class=\"attachment-thumbnail size-thumbnail wp-post-image\" alt=\"\" style=\"max-width:113px;max-height:113px;\" srcset=\"https:\/\/sldcoaching.fr\/wp-content\/uploads\/2022\/11\/image-1-150x150.png 150w, https:\/\/sldcoaching.fr\/wp-content\/uploads\/2022\/11\/image-1-300x300.png 300w\" sizes=\"auto, 100vw\" \/><\/a><\/div><a class=\"wp-block-latest-posts__post-title\" href=\"https:\/\/sldcoaching.fr\/?p=566\"><strong>Accompagnement de femmes cheffes d&rsquo;entreprise avec l&rsquo;ADIE<\/strong><\/a><div class=\"wp-block-latest-posts__post-excerpt\">D\u00e9but novembre, encore de belles matin\u00e9es \u00e0 accompagner les avanc\u00e9es de femmes entrepreneures qui d\u00e9butent leurs activit\u00e9s depuis quelques mois et sont soutenues par l ADIE .Je propose un accompagnement sur mesure autour de th\u00e9matiques qu&rsquo;elles vivent : pour certaines autour de leur organisation, de la gestion des priorit\u00e9s, d&rsquo;autres de leur l\u00e9gitimit\u00e9, de leur\u2026 <a class=\"wp-block-latest-posts__read-more\" href=\"https:\/\/sldcoaching.fr\/?p=566\" rel=\"noopener noreferrer\">Lire la suite<span class=\"screen-reader-text\">\u00a0: &lt;strong&gt;Accompagnement de femmes cheffes d&rsquo;entreprise avec l&rsquo;ADIE&lt;\/strong&gt;<\/span><\/a><\/div><\/li>\n<li><div class=\"wp-block-latest-posts__featured-image\"><a href=\"https:\/\/sldcoaching.fr\/?p=419\" aria-label=\"Des suggestions de lectures \ud83d\udcdapour l&rsquo;\u00e9t\u00e9\ud83c\udf1e\"><img loading=\"lazy\" decoding=\"async\" width=\"150\" height=\"150\" src=\"https:\/\/sldcoaching.fr\/wp-content\/uploads\/2022\/06\/image-3-150x150.png\" class=\"attachment-thumbnail size-thumbnail wp-post-image\" alt=\"Sylvie Labarre Dallery-d\u00e9veloppement des potentiels-coaching individuel\" style=\"max-width:113px;max-height:113px;\" sizes=\"auto, 100vw\" \/><\/a><\/div><a class=\"wp-block-latest-posts__post-title\" href=\"https:\/\/sldcoaching.fr\/?p=419\">Des suggestions de lectures \ud83d\udcdapour l&rsquo;\u00e9t\u00e9\ud83c\udf1e<\/a><div class=\"wp-block-latest-posts__post-excerpt\">\ud83c\udfd6\ufe0f\ud83c\udfd4\ufe0f Les quatres accords tolt\u00e8ques &#8211; Don Miguel Ruiz L&rsquo;homme qui voulait \u00eatre heureux &#8211; Laurent Gounelle Le pouvoir du moment pr\u00e9sent &#8211; Eckhart Tolle Les mots sont des fen\u00eatres &#8211; Marshall B. Rosenberg Maintenant ou jamais ! La vie commence apr\u00e8s 40 ans Dr Christophe Faur\u00e9 Platon la gaffe, survivre au travail avec les\u2026 <a class=\"wp-block-latest-posts__read-more\" href=\"https:\/\/sldcoaching.fr\/?p=419\" rel=\"noopener noreferrer\">Lire la suite<span class=\"screen-reader-text\">\u00a0: Des suggestions de lectures \ud83d\udcdapour l&rsquo;\u00e9t\u00e9\ud83c\udf1e<\/span><\/a><\/div><\/li>\n<li><div class=\"wp-block-latest-posts__featured-image\"><a href=\"https:\/\/sldcoaching.fr\/?p=407\" aria-label=\"ATELIER CCSB\"><img loading=\"lazy\" decoding=\"async\" width=\"150\" height=\"150\" src=\"https:\/\/sldcoaching.fr\/wp-content\/uploads\/2022\/07\/Atelier-Entreprendre-ICI-juin-2022-VISUEL-150x150.jpg\" class=\"attachment-thumbnail size-thumbnail wp-post-image\" alt=\"Entreprendre ICI -CCSB\" style=\"max-width:113px;max-height:113px;\" sizes=\"auto, 100vw\" \/><\/a><\/div><a class=\"wp-block-latest-posts__post-title\" href=\"https:\/\/sldcoaching.fr\/?p=407\">ATELIER CCSB<\/a><div class=\"wp-block-latest-posts__post-excerpt\">Un grand plaisir d\u2019accompagner, 9 femmes cheffes d\u2019entreprise dans cet atelier de coaching du 21 juin dernier. Prendre du recul, D\u00e9finir, Re-d\u00e9finir leur projet, leurs objectifs, clarifier leurs objets \u00e0 court, moyen et long terme. Merci pour vos feed backs \ud83c\udf81tr\u00e8s nourrissants et ces partages riches\ud83e\udd1d<\/div><\/li>\n<\/ul>","protected":false},"excerpt":{"rendered":"<p>Je suis ravie de vous informer que je participerai en tant que&nbsp;formatrice et coach professionnelle&nbsp;au&nbsp;Salon du Management, qui se tiendra au&nbsp;Palais des Congr\u00e8s de Paris&nbsp;le&nbsp;27 f\u00e9vrier 2024 \ud83c\udf1f Cet \u00e9v\u00e9nement prestigieux rassemblera&nbsp;3 500 visiteurs,&nbsp;50 stands, et&nbsp;60 intervenants&nbsp;pour explorer les derni\u00e8res tendances et meilleures pratiques en mati\u00e8re de gestion et de leadership. Pour ceux qui me [&hellip;]<\/p>\n","protected":false},"author":1,"featured_media":0,"parent":0,"menu_order":0,"comment_status":"closed","ping_status":"closed","template":"","meta":{"_seopress_robots_primary_cat":"","footnotes":""},"class_list":["post-165","page","type-page","status-publish","hentry"],"_links":{"self":[{"href":"https:\/\/sldcoaching.fr\/index.php?rest_route=\/wp\/v2\/pages\/165","targetHints":{"allow":["GET"]}}],"collection":[{"href":"https:\/\/sldcoaching.fr\/index.php?rest_route=\/wp\/v2\/pages"}],"about":[{"href":"https:\/\/sldcoaching.fr\/index.php?rest_route=\/wp\/v2\/types\/page"}],"author":[{"embeddable":true,"href":"https:\/\/sldcoaching.fr\/index.php?rest_route=\/wp\/v2\/users\/1"}],"replies":[{"embeddable":true,"href":"https:\/\/sldcoaching.fr\/index.php?rest_route=%2Fwp%2Fv2%2Fcomments&post=165"}],"version-history":[{"count":33,"href":"https:\/\/sldcoaching.fr\/index.php?rest_route=\/wp\/v2\/pages\/165\/revisions"}],"predecessor-version":[{"id":780,"href":"https:\/\/sldcoaching.fr\/index.php?rest_route=\/wp\/v2\/pages\/165\/revisions\/780"}],"wp:attachment":[{"href":"https:\/\/sldcoaching.fr\/index.php?rest_route=%2Fwp%2Fv2%2Fmedia&parent=165"}],"curies":[{"name":"wp","href":"https:\/\/api.w.org\/{rel}","templated":true}]}}