{"id":161,"date":"2022-06-30T17:01:01","date_gmt":"2022-06-30T15:01:01","guid":{"rendered":"https:\/\/sldcoaching.fr\/?page_id=161"},"modified":"2024-01-11T11:17:37","modified_gmt":"2024-01-11T10:17:37","slug":"formation","status":"publish","type":"page","link":"https:\/\/sldcoaching.fr\/?page_id=161","title":{"rendered":"Formation"},"content":{"rendered":"\n<div class=\"wp-block-media-text alignwide has-media-on-the-right is-stacked-on-mobile\" style=\"grid-template-columns:auto 20%\"><div class=\"wp-block-media-text__content\">\n<p>Responsable pendant 3 ans d\u2019une \u00e9quipe d\u2019<strong>animateurs concepteurs de formation<\/strong> sur le quart sud est de la France dans le secteur bancaire et de l\u2019accompagnement du changement,<\/p>\n\n\n\n<p> je suis \u00e0 votre \u00e9coute et \u00e0 votre service pour <strong>concevoir et animer \u00e0 distance ou en pr\u00e9sentiel, des formations sp\u00e9cifiques pour vos collaborateurs.<\/strong><\/p>\n\n\n\n<p>Formatrice pour <a href=\"http:\/\/gtformation.com\/\" data-type=\"URL\" data-id=\"http:\/\/gtformation.com\/\" target=\"_blank\" rel=\"noreferrer noopener\">GT Formation <\/a>dans les domaines de <strong>la r\u00e9ussite des entretiens commerciaux, de l\u2019excellence relationnelle et de l\u2019analyse financi\u00e8re<\/strong> et du <strong>management<\/strong>.<\/p>\n\n\n\n<p>J&rsquo;ai \u00e9galement plaisir \u00e0 animer des <strong>ateliers <\/strong>propos\u00e9s par <strong>Entreprendre Ici <\/strong>pour des porteurs de projet d&rsquo;entreprise sur le Sud Beaujolais \u00e0 Belleville en Beaujolais et Fleurie.<\/p>\n\n\n\n<p>Au del\u00e0 de la transmission, et du partage de connaissances qui font partie de mes valeurs fortes, mon animation a pour objectif <strong>vos prises de conscience, les cl\u00e9s que vous trouvez<\/strong>. Pour faciliter la mise en oeuvre  concr\u00e8te des apports de formation je propose un accompagnement individuel post formation. A titre d&rsquo; exemple lors d&rsquo;intervention dans des TPE et PME, apr\u00e8s une formation sur les fondamentaux du management, des s\u00e9ances de coaching individuel pour les managers et pour le dirigeant permettent un accompagnement cibl\u00e9 .<\/p>\n\n\n\n<p>\u00ab\u00a0Enseigner, ce n&rsquo;est pas remplir un vase, c&rsquo;est allumer un feu\u00a0\u00bb Montaigne<\/p>\n\n\n\n<p><\/p>\n\n\n\n<p><\/p>\n\n\n\n<p>&nbsp;<\/p>\n<\/div><figure class=\"wp-block-media-text__media\"><img loading=\"lazy\" decoding=\"async\" width=\"277\" height=\"342\" src=\"https:\/\/sldcoaching.fr\/wp-content\/uploads\/2022\/06\/Image-Formation.png\" alt=\"\" class=\"wp-image-163 size-full\" srcset=\"https:\/\/sldcoaching.fr\/wp-content\/uploads\/2022\/06\/Image-Formation.png 277w, https:\/\/sldcoaching.fr\/wp-content\/uploads\/2022\/06\/Image-Formation-243x300.png 243w\" sizes=\"auto, (max-width: 277px) 100vw, 277px\" \/><\/figure><\/div>\n","protected":false},"excerpt":{"rendered":"<p>Responsable pendant 3 ans d\u2019une \u00e9quipe d\u2019animateurs concepteurs de formation sur le quart sud est de la France dans le secteur bancaire et de l\u2019accompagnement du changement, je suis \u00e0 votre \u00e9coute et \u00e0 votre service pour concevoir et animer \u00e0 distance ou en pr\u00e9sentiel, des formations sp\u00e9cifiques pour vos collaborateurs. Formatrice pour GT Formation [&hellip;]<\/p>\n","protected":false},"author":1,"featured_media":0,"parent":0,"menu_order":0,"comment_status":"closed","ping_status":"closed","template":"","meta":{"_seopress_robots_primary_cat":"","footnotes":""},"class_list":["post-161","page","type-page","status-publish","hentry"],"_links":{"self":[{"href":"https:\/\/sldcoaching.fr\/index.php?rest_route=\/wp\/v2\/pages\/161","targetHints":{"allow":["GET"]}}],"collection":[{"href":"https:\/\/sldcoaching.fr\/index.php?rest_route=\/wp\/v2\/pages"}],"about":[{"href":"https:\/\/sldcoaching.fr\/index.php?rest_route=\/wp\/v2\/types\/page"}],"author":[{"embeddable":true,"href":"https:\/\/sldcoaching.fr\/index.php?rest_route=\/wp\/v2\/users\/1"}],"replies":[{"embeddable":true,"href":"https:\/\/sldcoaching.fr\/index.php?rest_route=%2Fwp%2Fv2%2Fcomments&post=161"}],"version-history":[{"count":13,"href":"https:\/\/sldcoaching.fr\/index.php?rest_route=\/wp\/v2\/pages\/161\/revisions"}],"predecessor-version":[{"id":720,"href":"https:\/\/sldcoaching.fr\/index.php?rest_route=\/wp\/v2\/pages\/161\/revisions\/720"}],"wp:attachment":[{"href":"https:\/\/sldcoaching.fr\/index.php?rest_route=%2Fwp%2Fv2%2Fmedia&parent=161"}],"curies":[{"name":"wp","href":"https:\/\/api.w.org\/{rel}","templated":true}]}}