{"id":124,"date":"2022-06-29T16:53:48","date_gmt":"2022-06-29T14:53:48","guid":{"rendered":"https:\/\/sldcoaching.fr\/?page_id=124"},"modified":"2024-04-02T15:05:07","modified_gmt":"2024-04-02T13:05:07","slug":"124-2","status":"publish","type":"page","link":"https:\/\/sldcoaching.fr\/?page_id=124","title":{"rendered":"Qui suis-je ?"},"content":{"rendered":"\n<div class=\"wp-block-media-text is-stacked-on-mobile\" style=\"grid-template-columns:31% auto\"><figure class=\"wp-block-media-text__media\"><img loading=\"lazy\" decoding=\"async\" width=\"1024\" height=\"683\" src=\"https:\/\/sldcoaching.fr\/wp-content\/uploads\/2024\/01\/image-3.png\" alt=\"\" class=\"wp-image-758 size-full\" srcset=\"https:\/\/sldcoaching.fr\/wp-content\/uploads\/2024\/01\/image-3.png 1024w, https:\/\/sldcoaching.fr\/wp-content\/uploads\/2024\/01\/image-3-300x200.png 300w, https:\/\/sldcoaching.fr\/wp-content\/uploads\/2024\/01\/image-3-768x512.png 768w, https:\/\/sldcoaching.fr\/wp-content\/uploads\/2024\/01\/image-3-450x300.png 450w\" sizes=\"auto, 100vw\" \/><\/figure><div class=\"wp-block-media-text__content\">\n<p><\/p>\n\n\n\n<p><strong>Formatrice et coach professionnelle, secouriste  et formatrice en sant\u00e9 mentale<\/strong> je suis \u00e0 votre service pour \u00e9laborer ensemble des prestations sur mesure.<\/p>\n\n\n\n<p>Responsable de l\u2019accompagnement du changement dans un grand groupe bancaire, manager, nourrie de ces 23 ann\u00e9es d\u2019exp\u00e9riences, je suis <strong>dirigeante de SLD Accompagnements depuis 2022.<\/strong><\/p>\n\n\n\n<p>Je poursuis cette volont\u00e9 de mettre mes comp\u00e9tences <strong>au service de l\u2019accompagnement :<\/strong><\/p>\n\n\n\n<ul class=\"wp-block-list\">\n<li>en entreprise, accompagnement <strong>des collaborateurs, managers et dirigeants<\/strong> <\/li>\n<\/ul>\n\n\n\n<ul class=\"wp-block-list\">\n<li>par la <strong>formation Secouriste en Sant\u00e9 Mentale<\/strong> aupr\u00e8s de tout adulte : particulier \u00e0 titre individuel, salari\u00e9 <\/li>\n<\/ul>\n\n\n\n<p>Situ\u00e9e \u00e0 proximit\u00e9 de Belleville en Beaujolais et j&rsquo;interviens en France en fonction de vos besoins en pr\u00e9sentiel, \u00e0 distance ou en mode hybride.<\/p>\n<\/div><\/div>\n\n\n\n<p><strong>Ma mission&nbsp;<\/strong>\ud83c\udf1f: Vous soutenir dans <strong>vos projets<\/strong>, dans<strong> votre entreprise<\/strong>, avec une volont\u00e9 de vous accompagner vers la <strong>r\u00e9alisation de vos objectifs<\/strong>,  en vous aidant \u00e0 construire des bases solides. <\/p>\n\n\n\n<p>Je mets \u00e0 votre disposition<strong> en compl\u00e9ment de mes exp\u00e9riences professionnelles<\/strong>, les outils et m\u00e9thodes acquis lors de mes formations .<\/p>\n\n\n\n<p>J\u2019accompagne les Salari\u00e9s, les Leaders et les Dirigeants et leurs \u00e9quipes dans la r\u00e9alisation de leurs projets, la mise en \u0153uvre de transformations, la r\u00e9solution de probl\u00e9matiques.<\/p>\n\n\n\n<p><strong>Mes sp\u00e9cifit\u00e9s<\/strong> : <strong>plus de 20 ans d&rsquo;exp\u00e9riences<\/strong> avec des professionnels, cr\u00e9ateur, repreneur, dirigeant et l\u2019exp\u00e9rience de la conduite changement au sein d\u2019un \u00e9tablissement&nbsp; bancaire.<\/p>\n\n\n\n<p>J\u2019ai exp\u00e9riment\u00e9 au travers de l\u2019intelligence collective, d\u2019accompagnements individuels et d accompagnements d\u2019\u00e9quipes plusieurs actions vers<strong> la conduite du changement<\/strong>, la mise en \u0153uvre d\u2019une nouvelle organisation et<strong> l\u2019\u00e9volution du management<\/strong>, avec au coeur de mes preocuupation s le bine \u00eatre de chacun. D ou ma proposition de formation aux <strong>1ers Secours en Sant\u00e9 Mentale <\/strong><\/p>\n\n\n\n<p>J&rsquo;ai a coeur de partager \ud83e\udd1dmes exp\u00e9riences et comp\u00e9tences au travers de formations sur messure et d&rsquo;un coaching professionnel adapt\u00e9 \u00e0 vos besoins, vos demandes et vos objectifs. Vous souhaitez en savoir encore plus: <a href=\"https:\/\/www.linkedin.com\/in\/sldaccompagnements?lipi=urn%3Ali%3Apage%3Ad_flagship3_profile_view_base_contact_details%3Bt6v9QMjpSg2V0Oy5lL%2BEzA%3D%3D\" data-type=\"URL\" data-id=\"https:\/\/www.linkedin.com\/in\/sldaccompagnements?lipi=urn%3Ali%3Apage%3Ad_flagship3_profile_view_base_contact_details%3Bt6v9QMjpSg2V0Oy5lL%2BEzA%3D%3D\" target=\"_blank\" rel=\"noreferrer noopener\"><strong>LinkedIn<\/strong><\/a> .<\/p>\n\n\n\n<p><strong>Les valeurs qui m\u2019animent, me caract\u00e9risent et que je souhaite partager avec vous<\/strong> : l&rsquo;\u00e9coute, l&rsquo;accueil, la bienveillance et l&rsquo;exigence<\/p>\n\n\n\n<p>Impliqu\u00e9e dans le d\u00e9veloppement local, je suis heureuse de contribuer \u00e0 <a href=\"https:\/\/www.vilocalis.fr\/\" target=\"_blank\" rel=\"noreferrer noopener\"><strong>Vilocalis<\/strong><\/a>, que je vous invite <a href=\"https:\/\/www.vilocalis.fr\/\" data-type=\"URL\" data-id=\"https:\/\/www.vilocalis.fr\/\" target=\"_blank\" rel=\"noreferrer noopener\">\u00e0 d\u00e9couvrir ici<\/a> : la plateforme sinc\u00e8re pour vivre local  et d&rsquo;\u00eatre intervenante b\u00e9n\u00e9vole au sein de l&rsquo; <strong><a href=\"https:\/\/www.adie.org\/\" data-type=\"URL\" data-id=\"https:\/\/www.adie.org\/\" target=\"_blank\" rel=\"noreferrer noopener\">ADIE<\/a><\/strong> comme coach. Ma d\u00e9marche citoyenne se traduit \u00e9galement par mon engagement comme <a href=\"https:\/\/pssmfrance.fr\/etre-secouriste\/\">secouriste en sant\u00e9 mentale<\/a>.<\/p>\n\n\n\n<p>Je vous partage la tr\u00e8s <strong>belle r\u00e9gion du <a href=\"https:\/\/tresbeaujolais.us1.list-manage.com\/track\/click?u=e282ed404de276fc6858b0489&amp;id=968fabec56&amp;e=ffb2fda4c3\" data-type=\"URL\" data-id=\"https:\/\/tresbeaujolais.us1.list-manage.com\/track\/click?u=e282ed404de276fc6858b0489&amp;id=968fabec56&amp;e=ffb2fda4c3\" target=\"_blank\" rel=\"noreferrer noopener\">Beaujolais<\/a><\/strong> o\u00f9 je vis :<a href=\"http:\/\/tresbeaujolais.us1.list-manage.com\/track\/click?u=e282ed404de276fc6858b0489&amp;id=968fabec56&amp;e=ffb2fda4c3\" data-type=\"URL\" data-id=\"tresbeaujolais.us1.list-manage.com\/track\/click?u=e282ed404de276fc6858b0489&amp;id=968fabec56&amp;e=ffb2fda4c3\" target=\"_blank\" rel=\"noreferrer noopener\"> cliquez et d\u00e9couvrez le Beaujolais <\/a>et son dynamisme \u00e9conomique avec la marque <strong><a href=\"https:\/\/www.tresbeaujolais.com\/\" target=\"_blank\" rel=\"noreferrer noopener\">Tr\u00e8s Beaujolais<\/a> <\/strong><\/p>\n\n\n\n<p>En 2023, j&rsquo;ai particip\u00e9 au<a href=\"https:\/\/www.trekingazelles.com\/le-trek\/concept\/\"> <strong>Trek&rsquo;in des Gazelles<\/strong><\/a>, un d\u00e9fi sportif, solidaire et eco responsable .<\/p>\n\n\n\n<p>Pour \u00e9changer,se rencontrer, contactez moi au 07 71 16 18 03 ou par mail <a href=\"mailto:labarrsy@gmail.com\" target=\"_blank\" rel=\"noreferrer noopener\">labarrsy@gmail.com<\/a><\/p>\n","protected":false},"excerpt":{"rendered":"<p>Ma mission&nbsp;\ud83c\udf1f: Vous soutenir dans vos projets, dans votre entreprise, avec une volont\u00e9 de vous accompagner vers la r\u00e9alisation de vos objectifs, en vous aidant \u00e0 construire des bases solides. Je mets \u00e0 votre disposition en compl\u00e9ment de mes exp\u00e9riences professionnelles, les outils et m\u00e9thodes acquis lors de mes formations . J\u2019accompagne les Salari\u00e9s, les [&hellip;]<\/p>\n","protected":false},"author":1,"featured_media":0,"parent":0,"menu_order":0,"comment_status":"closed","ping_status":"closed","template":"","meta":{"_seopress_robots_primary_cat":"","footnotes":""},"class_list":["post-124","page","type-page","status-publish","hentry"],"_links":{"self":[{"href":"https:\/\/sldcoaching.fr\/index.php?rest_route=\/wp\/v2\/pages\/124","targetHints":{"allow":["GET"]}}],"collection":[{"href":"https:\/\/sldcoaching.fr\/index.php?rest_route=\/wp\/v2\/pages"}],"about":[{"href":"https:\/\/sldcoaching.fr\/index.php?rest_route=\/wp\/v2\/types\/page"}],"author":[{"embeddable":true,"href":"https:\/\/sldcoaching.fr\/index.php?rest_route=\/wp\/v2\/users\/1"}],"replies":[{"embeddable":true,"href":"https:\/\/sldcoaching.fr\/index.php?rest_route=%2Fwp%2Fv2%2Fcomments&post=124"}],"version-history":[{"count":61,"href":"https:\/\/sldcoaching.fr\/index.php?rest_route=\/wp\/v2\/pages\/124\/revisions"}],"predecessor-version":[{"id":777,"href":"https:\/\/sldcoaching.fr\/index.php?rest_route=\/wp\/v2\/pages\/124\/revisions\/777"}],"wp:attachment":[{"href":"https:\/\/sldcoaching.fr\/index.php?rest_route=%2Fwp%2Fv2%2Fmedia&parent=124"}],"curies":[{"name":"wp","href":"https:\/\/api.w.org\/{rel}","templated":true}]}}